{"id":12,"date":"2021-05-13T05:31:27","date_gmt":"2021-05-13T03:31:27","guid":{"rendered":"https:\/\/ibtaxitransfers.com\/services\/"},"modified":"2023-05-23T09:07:59","modified_gmt":"2023-05-23T07:07:59","slug":"airport-transfers","status":"publish","type":"page","link":"https:\/\/ibtaxitransfers.com\/hr\/airport-transfers\/","title":{"rendered":"Transferi"},"content":{"rendered":"<div class=\"wp-block-cover alignfull\" style=\"min-height:500px;aspect-ratio:unset;\"><span aria-hidden=\"true\" class=\"wp-block-cover__background has-black-background-color has-background-dim\"><\/span><img decoding=\"async\" class=\"wp-block-cover__image-background wp-image-289\" alt=\"\" src=\"https:\/\/ibtaxitransfers.com\/wp-content\/uploads\/2022\/05\/ibtaxitransfers-transfers.jpg\" data-object-fit=\"cover\"\/><div class=\"wp-block-cover__inner-container is-layout-flow wp-block-cover-is-layout-flow\">\n<h1 class=\"wp-block-heading has-white-color has-text-color\"><strong>Transferi <\/strong><\/h1>\n\n\n\n<p>Udobno vozilo za transfere do aerodroma i ostalih lokacija!<\/p>\n<\/div><\/div>\n\n\n\n<div style=\"height:100px\" aria-hidden=\"true\" class=\"wp-block-spacer\"><\/div>\n\n\n\n<h2 class=\"wp-block-heading has-text-align-left\">Transferi do zra\u010dne luke i me\u0111ugradski transferi<\/h2>\n\n\n\n<p>No matter if you are looking for the most convenient way to get a taxi to\/from the <a href=\"https:\/\/www.split-airport.hr\/index.php?lang=hr\">splitske zra\u010dne luke<\/a> or if you would like to be transferred to the next stop of your vacation, we are at your disposal! Contact us for all information and prices.<\/p>\n\n\n\n<div style=\"height:100px\" aria-hidden=\"true\" class=\"wp-block-spacer\"><\/div>\n\n\n\n<div class=\"wp-block-uagb-container uagb-block-4e73186a alignfull uagb-is-root-container\">\n<div class=\"wp-block-uagb-container uagb-block-f5b79c92\">\n<div class=\"wp-block-uagb-info-box uagb-block-42278865 uagb-infobox__content-wrap  uagb-infobox-icon-below-title uagb-infobox-image-valign-top\"><div class=\"uagb-ifb-content\"><div class=\"uagb-ifb-title-wrap\"><h3 class=\"uagb-ifb-title\"><br><mark style=\"background-color:rgba(0, 0, 0, 0)\" class=\"has-inline-color has-ast-global-color-4-color\">Zra\u010dne luke<\/mark><br><\/h3><\/div><div class=\"uagb-ifb-image-content\"><img decoding=\"async\" src=\"https:\/\/ibtaxitransfers.com\/wp-content\/uploads\/2023\/05\/splitairport1.jpg\" alt=\"\" width=\"\" height=\"0\" loading=\"lazy\"\/><\/div><p class=\"uagb-ifb-desc\"><br><mark style=\"background-color:rgba(0, 0, 0, 0)\" class=\"has-inline-color has-ast-global-color-4-color\">Najbolja opcija jest rezervirati transfer unaprijed (barem jedan dan prije), ali potruditi \u0107emo se iza\u0107i Vam ususret i uz kratku najavu. U slu\u010daju da \u017eelite rezervirati transfer OD zra\u010dne luke, molimo da nam po\u0161aljete detalje leta, kao i kontakt informacije.<br><\/mark><\/p><\/div><\/div>\n<\/div>\n\n\n\n<div class=\"wp-block-uagb-container uagb-block-6d3d949e\">\n<div class=\"wp-block-uagb-info-box uagb-block-71a2f358 uagb-infobox__content-wrap  uagb-infobox-icon-below-title uagb-infobox-image-valign-top\"><div class=\"uagb-ifb-content\"><div class=\"uagb-ifb-title-wrap\"><h3 class=\"uagb-ifb-title\"><br><mark style=\"background-color:rgba(0, 0, 0, 0)\" class=\"has-inline-color has-ast-global-color-4-color\">Lokalni i me\u0111ugradski transferi<\/mark><br><\/h3><\/div><div class=\"uagb-ifb-image-content\"><img decoding=\"async\" src=\"https:\/\/ibtaxitransfers.com\/wp-content\/uploads\/2023\/05\/why-kei-8e2gal_GIE8-unsplash-1024x683.jpg\" alt=\"\" width=\"\" height=\"0\" loading=\"lazy\"\/><\/div><p class=\"uagb-ifb-desc\"><mark style=\"background-color:rgba(0, 0, 0, 0)\" class=\"has-inline-color has-ast-global-color-4-color\">Split \u21c6 Dubrovnik<br> \u0160ibenik \u21c6 Split<br>Split \u21c6 Zadar<br>Makarska \u21c6 Split<br>Split \u21c6 Novalja<br>Cijene variraju ovisno o to\u010dnim lokacijama<a href=\"#contact-us\">(kontaktirajte nas<\/a> za ponudu)<\/mark><\/p><\/div><\/div>\n<\/div>\n<\/div>\n\n\n\n<div style=\"height:100px\" aria-hidden=\"true\" class=\"wp-block-spacer\"><\/div>\n\n\n\n<p class=\"has-text-align-center\">**Odobravamo popust za povratne transfere<\/p>\n\n\n\n<div class=\"wp-block-buttons alignwide is-horizontal is-content-justification-center is-layout-flex wp-container-core-buttons-is-layout-03627597 wp-block-buttons-is-layout-flex\"><\/div>","protected":false},"excerpt":{"rendered":"<p>Airport or Intercity Transfer No matter if you are looking for the most convenient way to get a taxi to\/from the split airport or if you would like to be transferred to the next stop of your vacation, we are at your disposal! Contact us for all information and prices. **A discount is approved for &hellip;<\/p>\n<p class=\"read-more\"> <a class=\"\" href=\"https:\/\/ibtaxitransfers.com\/hr\/airport-transfers\/\"> <span class=\"screen-reader-text\">Transferi<\/span> Read More &raquo;<\/a><\/p>","protected":false},"author":1,"featured_media":0,"parent":0,"menu_order":0,"comment_status":"closed","ping_status":"closed","template":"","meta":{"_uag_custom_page_level_css":"","site-sidebar-layout":"no-sidebar","site-content-layout":"plain-container","ast-global-header-display":"","ast-banner-title-visibility":"","ast-main-header-display":"","ast-hfb-above-header-display":"","ast-hfb-below-header-display":"","ast-hfb-mobile-header-display":"","site-post-title":"disabled","ast-breadcrumbs-content":"","ast-featured-img":"","footer-sml-layout":"","theme-transparent-header-meta":"enabled","adv-header-id-meta":"","stick-header-meta":"","header-above-stick-meta":"","header-main-stick-meta":"","header-below-stick-meta":"","footnotes":""},"class_list":["post-12","page","type-page","status-publish","hentry"],"yoast_head":"<!-- This site is optimized with the Yoast SEO plugin v27.6 - https:\/\/yoast.com\/product\/yoast-seo-wordpress\/ -->\n<title>Transfers - I.B. Taxi &amp; Transfers - Affordable Airport Transfer<\/title>\n<meta name=\"description\" content=\"Book a transfer to\/from the Split airport, a private transfer to one of the charter marinas, or some of the other locations in the area.\" \/>\n<meta name=\"robots\" content=\"index, follow, max-snippet:-1, max-image-preview:large, max-video-preview:-1\" \/>\n<link rel=\"canonical\" href=\"https:\/\/ibtaxitransfers.com\/hr\/airport-transfers\/\" \/>\n<meta property=\"og:locale\" content=\"hr_HR\" \/>\n<meta property=\"og:type\" content=\"article\" \/>\n<meta property=\"og:title\" content=\"Transfers - I.B. Taxi &amp; Transfers - Affordable Airport Transfer\" \/>\n<meta property=\"og:description\" content=\"Book a transfer to\/from the Split airport, a private transfer to one of the charter marinas, or some of the other locations in the area.\" \/>\n<meta property=\"og:url\" content=\"https:\/\/ibtaxitransfers.com\/hr\/airport-transfers\/\" \/>\n<meta property=\"og:site_name\" content=\"I.B. Taxi &amp; Transfers\" \/>\n<meta property=\"article:publisher\" content=\"https:\/\/hr-hr.facebook.com\/IBtaxi053\" \/>\n<meta property=\"article:modified_time\" content=\"2023-05-23T07:07:59+00:00\" \/>\n<meta property=\"og:image\" content=\"https:\/\/ibtaxitransfers.com\/wp-content\/uploads\/2022\/05\/ibtaxitransfers-transfers.jpg\" \/>\n<meta name=\"twitter:card\" content=\"summary_large_image\" \/>\n<meta name=\"twitter:label1\" content=\"Procijenjeno vrijeme \u010ditanja\" \/>\n\t<meta name=\"twitter:data1\" content=\"2 minute\" \/>\n<script type=\"application\/ld+json\" class=\"yoast-schema-graph\">{\"@context\":\"https:\\\/\\\/schema.org\",\"@graph\":[{\"@type\":\"WebPage\",\"@id\":\"https:\\\/\\\/ibtaxitransfers.com\\\/airport-transfers\\\/\",\"url\":\"https:\\\/\\\/ibtaxitransfers.com\\\/airport-transfers\\\/\",\"name\":\"Transfers - I.B. Taxi &amp; Transfers - Affordable Airport Transfer\",\"isPartOf\":{\"@id\":\"https:\\\/\\\/ibtaxitransfers.com\\\/#website\"},\"primaryImageOfPage\":{\"@id\":\"https:\\\/\\\/ibtaxitransfers.com\\\/airport-transfers\\\/#primaryimage\"},\"image\":{\"@id\":\"https:\\\/\\\/ibtaxitransfers.com\\\/airport-transfers\\\/#primaryimage\"},\"thumbnailUrl\":\"https:\\\/\\\/ibtaxitransfers.com\\\/wp-content\\\/uploads\\\/2022\\\/05\\\/ibtaxitransfers-transfers.jpg\",\"datePublished\":\"2021-05-13T03:31:27+00:00\",\"dateModified\":\"2023-05-23T07:07:59+00:00\",\"description\":\"Book a transfer to\\\/from the Split airport, a private transfer to one of the charter marinas, or some of the other locations in the area.\",\"breadcrumb\":{\"@id\":\"https:\\\/\\\/ibtaxitransfers.com\\\/airport-transfers\\\/#breadcrumb\"},\"inLanguage\":\"hr\",\"potentialAction\":[{\"@type\":\"ReadAction\",\"target\":[\"https:\\\/\\\/ibtaxitransfers.com\\\/airport-transfers\\\/\"]}]},{\"@type\":\"ImageObject\",\"inLanguage\":\"hr\",\"@id\":\"https:\\\/\\\/ibtaxitransfers.com\\\/airport-transfers\\\/#primaryimage\",\"url\":\"https:\\\/\\\/ibtaxitransfers.com\\\/wp-content\\\/uploads\\\/2022\\\/05\\\/ibtaxitransfers-transfers.jpg\",\"contentUrl\":\"https:\\\/\\\/ibtaxitransfers.com\\\/wp-content\\\/uploads\\\/2022\\\/05\\\/ibtaxitransfers-transfers.jpg\"},{\"@type\":\"BreadcrumbList\",\"@id\":\"https:\\\/\\\/ibtaxitransfers.com\\\/airport-transfers\\\/#breadcrumb\",\"itemListElement\":[{\"@type\":\"ListItem\",\"position\":1,\"name\":\"Home\",\"item\":\"https:\\\/\\\/ibtaxitransfers.com\\\/\"},{\"@type\":\"ListItem\",\"position\":2,\"name\":\"Transfers\"}]},{\"@type\":\"WebSite\",\"@id\":\"https:\\\/\\\/ibtaxitransfers.com\\\/#website\",\"url\":\"https:\\\/\\\/ibtaxitransfers.com\\\/\",\"name\":\"I.B. Taxi &amp; Transfers\",\"description\":\"Transfer Service\",\"potentialAction\":[{\"@type\":\"SearchAction\",\"target\":{\"@type\":\"EntryPoint\",\"urlTemplate\":\"https:\\\/\\\/ibtaxitransfers.com\\\/?s={search_term_string}\"},\"query-input\":{\"@type\":\"PropertyValueSpecification\",\"valueRequired\":true,\"valueName\":\"search_term_string\"}}],\"inLanguage\":\"hr\"}]}<\/script>\n<!-- \/ Yoast SEO plugin. -->","yoast_head_json":{"title":"Transfers - I.B. Taxi &amp; Transfers - Affordable Airport Transfer","description":"Book a transfer to\/from the Split airport, a private transfer to one of the charter marinas, or some of the other locations in the area.","robots":{"index":"index","follow":"follow","max-snippet":"max-snippet:-1","max-image-preview":"max-image-preview:large","max-video-preview":"max-video-preview:-1"},"canonical":"https:\/\/ibtaxitransfers.com\/hr\/airport-transfers\/","og_locale":"hr_HR","og_type":"article","og_title":"Transfers - I.B. Taxi &amp; Transfers - Affordable Airport Transfer","og_description":"Book a transfer to\/from the Split airport, a private transfer to one of the charter marinas, or some of the other locations in the area.","og_url":"https:\/\/ibtaxitransfers.com\/hr\/airport-transfers\/","og_site_name":"I.B. Taxi &amp; Transfers","article_publisher":"https:\/\/hr-hr.facebook.com\/IBtaxi053","article_modified_time":"2023-05-23T07:07:59+00:00","og_image":[{"url":"https:\/\/ibtaxitransfers.com\/wp-content\/uploads\/2022\/05\/ibtaxitransfers-transfers.jpg","type":"","width":"","height":""}],"twitter_card":"summary_large_image","twitter_misc":{"Procijenjeno vrijeme \u010ditanja":"2 minute"},"schema":{"@context":"https:\/\/schema.org","@graph":[{"@type":"WebPage","@id":"https:\/\/ibtaxitransfers.com\/airport-transfers\/","url":"https:\/\/ibtaxitransfers.com\/airport-transfers\/","name":"Transfers - I.B. Taxi &amp; Transfers - Affordable Airport Transfer","isPartOf":{"@id":"https:\/\/ibtaxitransfers.com\/#website"},"primaryImageOfPage":{"@id":"https:\/\/ibtaxitransfers.com\/airport-transfers\/#primaryimage"},"image":{"@id":"https:\/\/ibtaxitransfers.com\/airport-transfers\/#primaryimage"},"thumbnailUrl":"https:\/\/ibtaxitransfers.com\/wp-content\/uploads\/2022\/05\/ibtaxitransfers-transfers.jpg","datePublished":"2021-05-13T03:31:27+00:00","dateModified":"2023-05-23T07:07:59+00:00","description":"Book a transfer to\/from the Split airport, a private transfer to one of the charter marinas, or some of the other locations in the area.","breadcrumb":{"@id":"https:\/\/ibtaxitransfers.com\/airport-transfers\/#breadcrumb"},"inLanguage":"hr","potentialAction":[{"@type":"ReadAction","target":["https:\/\/ibtaxitransfers.com\/airport-transfers\/"]}]},{"@type":"ImageObject","inLanguage":"hr","@id":"https:\/\/ibtaxitransfers.com\/airport-transfers\/#primaryimage","url":"https:\/\/ibtaxitransfers.com\/wp-content\/uploads\/2022\/05\/ibtaxitransfers-transfers.jpg","contentUrl":"https:\/\/ibtaxitransfers.com\/wp-content\/uploads\/2022\/05\/ibtaxitransfers-transfers.jpg"},{"@type":"BreadcrumbList","@id":"https:\/\/ibtaxitransfers.com\/airport-transfers\/#breadcrumb","itemListElement":[{"@type":"ListItem","position":1,"name":"Home","item":"https:\/\/ibtaxitransfers.com\/"},{"@type":"ListItem","position":2,"name":"Transfers"}]},{"@type":"WebSite","@id":"https:\/\/ibtaxitransfers.com\/#website","url":"https:\/\/ibtaxitransfers.com\/","name":"I.B. Taxi &amp; Transfers","description":"Transfer Service","potentialAction":[{"@type":"SearchAction","target":{"@type":"EntryPoint","urlTemplate":"https:\/\/ibtaxitransfers.com\/?s={search_term_string}"},"query-input":{"@type":"PropertyValueSpecification","valueRequired":true,"valueName":"search_term_string"}}],"inLanguage":"hr"}]}},"uagb_featured_image_src":{"full":false,"thumbnail":false,"medium":false,"medium_large":false,"large":false,"1536x1536":false,"2048x2048":false,"trp-custom-language-flag":false},"uagb_author_info":{"display_name":"ibtaxi","author_link":"https:\/\/ibtaxitransfers.com\/hr\/author\/vannik92\/"},"uagb_comment_info":0,"uagb_excerpt":"Airport or Intercity Transfer No matter if you are looking for the most convenient way to get a taxi to\/from the split airport or if you would like to be transferred to the next stop of your vacation, we are at your disposal! Contact us for all information and prices. **A discount is approved for&hellip;","_links":{"self":[{"href":"https:\/\/ibtaxitransfers.com\/hr\/wp-json\/wp\/v2\/pages\/12","targetHints":{"allow":["GET"]}}],"collection":[{"href":"https:\/\/ibtaxitransfers.com\/hr\/wp-json\/wp\/v2\/pages"}],"about":[{"href":"https:\/\/ibtaxitransfers.com\/hr\/wp-json\/wp\/v2\/types\/page"}],"author":[{"embeddable":true,"href":"https:\/\/ibtaxitransfers.com\/hr\/wp-json\/wp\/v2\/users\/1"}],"replies":[{"embeddable":true,"href":"https:\/\/ibtaxitransfers.com\/hr\/wp-json\/wp\/v2\/comments?post=12"}],"version-history":[{"count":6,"href":"https:\/\/ibtaxitransfers.com\/hr\/wp-json\/wp\/v2\/pages\/12\/revisions"}],"predecessor-version":[{"id":1027,"href":"https:\/\/ibtaxitransfers.com\/hr\/wp-json\/wp\/v2\/pages\/12\/revisions\/1027"}],"wp:attachment":[{"href":"https:\/\/ibtaxitransfers.com\/hr\/wp-json\/wp\/v2\/media?parent=12"}],"curies":[{"name":"wp","href":"https:\/\/api.w.org\/{rel}","templated":true}]}}