{"id":323,"date":"2022-05-11T07:13:00","date_gmt":"2022-05-11T07:13:00","guid":{"rendered":"https:\/\/ibtaxitransfers.com\/?page_id=323"},"modified":"2023-05-26T18:38:51","modified_gmt":"2023-05-26T16:38:51","slug":"tours","status":"publish","type":"page","link":"https:\/\/ibtaxitransfers.com\/hr\/tours\/","title":{"rendered":"Izleti"},"content":{"rendered":"<div class=\"wp-block-cover alignfull\" style=\"min-height:500px;aspect-ratio:unset;\"><span aria-hidden=\"true\" class=\"wp-block-cover__background has-black-background-color has-background-dim\"><\/span><img loading=\"lazy\" decoding=\"async\" width=\"2048\" height=\"1366\" class=\"wp-block-cover__image-background wp-image-578\" alt=\"\" src=\"https:\/\/ibtaxitransfers.com\/wp-content\/uploads\/2022\/05\/mana5280-ehenovuCD4-unsplash-scaled.jpg\" style=\"object-position:58% 89%\" data-object-fit=\"cover\" data-object-position=\"58% 89%\" srcset=\"https:\/\/ibtaxitransfers.com\/wp-content\/uploads\/2022\/05\/mana5280-ehenovuCD4-unsplash-scaled.jpg 2048w, https:\/\/ibtaxitransfers.com\/wp-content\/uploads\/2022\/05\/mana5280-ehenovuCD4-unsplash-300x200.jpg 300w, https:\/\/ibtaxitransfers.com\/wp-content\/uploads\/2022\/05\/mana5280-ehenovuCD4-unsplash-1024x683.jpg 1024w, https:\/\/ibtaxitransfers.com\/wp-content\/uploads\/2022\/05\/mana5280-ehenovuCD4-unsplash-768x512.jpg 768w, https:\/\/ibtaxitransfers.com\/wp-content\/uploads\/2022\/05\/mana5280-ehenovuCD4-unsplash-1536x1024.jpg 1536w\" sizes=\"auto, (max-width: 2048px) 100vw, 2048px\" \/><div class=\"wp-block-cover__inner-container is-layout-flow wp-block-cover-is-layout-flow\">\n<h1 class=\"wp-block-heading has-ast-global-color-5-color has-text-color\">Izleti<\/h1>\n\n\n\n<p><mark style=\"background-color:rgba(0, 0, 0, 0)\" class=\"has-inline-color has-ast-global-color-5-color\">Napravite vlastiti itinerar i posjetite najpoznatije znamenitosti<\/mark> na jednodnevnim turama iz Splita!<\/p>\n<\/div><\/div>\n\n\n\n<div class=\"inherit-container-width wp-block-group alignfull is-layout-constrained wp-block-group-is-layout-constrained\">\n<h2 class=\"wp-block-heading\">One-Day Tours &amp; Round Trips<\/h2>\n\n\n\n<p>    Posjetite neke od najpopularnijih lokacija u Hrvatskoj prema vlastitom itineraru, s prostranim, klimatiziranim vozilom. <\/p>\n\n\n\n<div class=\"inherit-container-width wp-block-group is-layout-constrained wp-block-group-is-layout-constrained\">\n<div class=\"wp-block-columns is-layout-flex wp-container-core-columns-is-layout-28f84493 wp-block-columns-is-layout-flex\">\n<div class=\"wp-block-column is-layout-flow wp-block-column-is-layout-flow\">\n<figure class=\"wp-block-image size-large\"><img loading=\"lazy\" decoding=\"async\" width=\"1024\" height=\"683\" src=\"https:\/\/ibtaxitransfers.com\/wp-content\/uploads\/2022\/05\/ilse-hVuQdryLvs0-unsplash-1024x683.jpg\" alt=\"ib-taxi-one-day-tour-plitvice\" class=\"wp-image-561\" srcset=\"https:\/\/ibtaxitransfers.com\/wp-content\/uploads\/2022\/05\/ilse-hVuQdryLvs0-unsplash-1024x683.jpg 1024w, https:\/\/ibtaxitransfers.com\/wp-content\/uploads\/2022\/05\/ilse-hVuQdryLvs0-unsplash-300x200.jpg 300w, https:\/\/ibtaxitransfers.com\/wp-content\/uploads\/2022\/05\/ilse-hVuQdryLvs0-unsplash-768x512.jpg 768w, https:\/\/ibtaxitransfers.com\/wp-content\/uploads\/2022\/05\/ilse-hVuQdryLvs0-unsplash-1536x1024.jpg 1536w\" sizes=\"auto, (max-width: 1024px) 100vw, 1024px\" \/><\/figure>\n\n\n\n<h4 class=\"wp-block-heading has-text-align-center\">Nacionalni parkovi<\/h4>\n\n\n\n<ul class=\"wp-block-list\">\n<li>Nacionalni park Plitvi\u010dka jezera<\/li>\n\n\n\n<li>Nacionalni park Krka<\/li>\n\n\n\n<li>Tvr\u0111ava Klis i ru\u0161evine Salone<\/li>\n<\/ul>\n<\/div>\n\n\n\n<div class=\"wp-block-column is-layout-flow wp-block-column-is-layout-flow\">\n<figure class=\"wp-block-image size-large\"><img loading=\"lazy\" decoding=\"async\" width=\"1024\" height=\"683\" src=\"https:\/\/ibtaxitransfers.com\/wp-content\/uploads\/2023\/05\/nikola-radojcic-64Y-4cUlV4w-unsplash-1024x683.jpg\" alt=\"\" class=\"wp-image-1016\" srcset=\"https:\/\/ibtaxitransfers.com\/wp-content\/uploads\/2023\/05\/nikola-radojcic-64Y-4cUlV4w-unsplash-1024x683.jpg 1024w, https:\/\/ibtaxitransfers.com\/wp-content\/uploads\/2023\/05\/nikola-radojcic-64Y-4cUlV4w-unsplash-300x200.jpg 300w, https:\/\/ibtaxitransfers.com\/wp-content\/uploads\/2023\/05\/nikola-radojcic-64Y-4cUlV4w-unsplash-768x512.jpg 768w, https:\/\/ibtaxitransfers.com\/wp-content\/uploads\/2023\/05\/nikola-radojcic-64Y-4cUlV4w-unsplash-1536x1024.jpg 1536w, https:\/\/ibtaxitransfers.com\/wp-content\/uploads\/2023\/05\/nikola-radojcic-64Y-4cUlV4w-unsplash-scaled.jpg 2048w\" sizes=\"auto, (max-width: 1024px) 100vw, 1024px\" \/><\/figure>\n\n\n\n<h4 class=\"wp-block-heading has-text-align-center\" id=\"boat-tours\"><a href=\"#boat-tours\">Island Tours<\/a><\/h4>\n\n\n\n<ul class=\"wp-block-list\">\n<li>Blue Cave Tours<\/li>\n\n\n\n<li>Blue Lagoon Tours<\/li>\n\n\n\n<li>Hvar Island and other popular locations<\/li>\n<\/ul>\n<\/div>\n\n\n\n<div class=\"wp-block-column is-layout-flow wp-block-column-is-layout-flow\">\n<figure class=\"wp-block-image size-large\"><img loading=\"lazy\" decoding=\"async\" width=\"1024\" height=\"683\" src=\"https:\/\/ibtaxitransfers.com\/wp-content\/uploads\/2022\/05\/patricia-jekki-fGGPW8lH9To-unsplash-1024x683.jpg\" alt=\"\" class=\"wp-image-330\" srcset=\"https:\/\/ibtaxitransfers.com\/wp-content\/uploads\/2022\/05\/patricia-jekki-fGGPW8lH9To-unsplash-1024x683.jpg 1024w, https:\/\/ibtaxitransfers.com\/wp-content\/uploads\/2022\/05\/patricia-jekki-fGGPW8lH9To-unsplash-scaled-600x400.jpg 600w, https:\/\/ibtaxitransfers.com\/wp-content\/uploads\/2022\/05\/patricia-jekki-fGGPW8lH9To-unsplash-300x200.jpg 300w, https:\/\/ibtaxitransfers.com\/wp-content\/uploads\/2022\/05\/patricia-jekki-fGGPW8lH9To-unsplash-768x512.jpg 768w, https:\/\/ibtaxitransfers.com\/wp-content\/uploads\/2022\/05\/patricia-jekki-fGGPW8lH9To-unsplash-1536x1024.jpg 1536w\" sizes=\"auto, (max-width: 1024px) 100vw, 1024px\" \/><\/figure>\n\n\n\n<h4 class=\"wp-block-heading has-text-align-center\">Istra\u017eite hrvatske gradove<\/h4>\n\n\n\n<ul class=\"wp-block-list\">\n<li>\u0160ibenik<\/li>\n\n\n\n<li>Dubrovnik<\/li>\n\n\n\n<li>Zagreb<\/li>\n\n\n\n<li>Zadar<\/li>\n<\/ul>\n<\/div>\n<\/div>\n<\/div>\n\n\n\n<div style=\"height:100px\" aria-hidden=\"true\" class=\"wp-block-spacer\"><\/div>\n<\/div>\n\n\n\n<h2 class=\"wp-block-heading\">Na\u0161i prijedlozi za jednodnevni izlet iz Splita:<\/h2>\n\n\n\n<div style=\"height:25px\" aria-hidden=\"true\" class=\"wp-block-spacer\"><\/div>\n\n\n\n<div class=\"wp-block-media-text alignfull has-media-on-the-right is-stacked-on-mobile is-image-fill animated fadeInLeft slow delay-500ms has-ast-global-color-0-background-color has-background\" style=\"grid-template-columns:auto 40%\"><div class=\"wp-block-media-text__content\">\n<h2 class=\"wp-block-heading\"><mark style=\"background-color:rgba(0, 0, 0, 0)\" class=\"has-inline-color has-ast-global-color-4-color\">Jednodnevni izlet u Nacionalni park Krka<\/mark><\/h2>\n\n\n\n<p><mark style=\"background-color:rgba(0, 0, 0, 0)\" class=\"has-inline-color has-ast-global-color-4-color\">Izlet do slapova Krka je idealan izlet iz Splita s obzirom na udaljenost od samo jednog sata vo\u017enje te prekrasne prirodne slapove i panoramu tijekom vo\u017enje. Preporu\u010dujemo polazak tijekom jutra, ali park je otvoren za posjetitelje do ve\u010deri pa je odluka samo na vama. <\/mark><\/p>\n<\/div><figure class=\"wp-block-media-text__media\" style=\"background-image:url(https:\/\/ibtaxitransfers.com\/wp-content\/uploads\/2022\/05\/water-falls-waterfall-flow-4572126-1024x576.jpg);background-position:50% 50%\"><img loading=\"lazy\" decoding=\"async\" width=\"1024\" height=\"576\" src=\"https:\/\/ibtaxitransfers.com\/wp-content\/uploads\/2022\/05\/water-falls-waterfall-flow-4572126-1024x576.jpg\" alt=\"krka-waterfalls-day-tour-from-split\" class=\"wp-image-558 size-large\" srcset=\"https:\/\/ibtaxitransfers.com\/wp-content\/uploads\/2022\/05\/water-falls-waterfall-flow-4572126-1024x576.jpg 1024w, https:\/\/ibtaxitransfers.com\/wp-content\/uploads\/2022\/05\/water-falls-waterfall-flow-4572126-300x169.jpg 300w, https:\/\/ibtaxitransfers.com\/wp-content\/uploads\/2022\/05\/water-falls-waterfall-flow-4572126-768x432.jpg 768w, https:\/\/ibtaxitransfers.com\/wp-content\/uploads\/2022\/05\/water-falls-waterfall-flow-4572126-600x338.jpg 600w, https:\/\/ibtaxitransfers.com\/wp-content\/uploads\/2022\/05\/water-falls-waterfall-flow-4572126.jpg 1280w\" sizes=\"auto, (max-width: 1024px) 100vw, 1024px\" \/><\/figure><\/div>\n\n\n\n<div class=\"wp-block-media-text alignfull is-stacked-on-mobile animated fadeInRight slow delay-500ms\" style=\"grid-template-columns:40% auto\"><figure class=\"wp-block-media-text__media\"><img loading=\"lazy\" decoding=\"async\" width=\"1024\" height=\"768\" src=\"https:\/\/ibtaxitransfers.com\/wp-content\/uploads\/2023\/05\/IMG-20230501-WA0018-1024x768.jpg\" alt=\"\" class=\"wp-image-825 size-large\" srcset=\"https:\/\/ibtaxitransfers.com\/wp-content\/uploads\/2023\/05\/IMG-20230501-WA0018-1024x768.jpg 1024w, https:\/\/ibtaxitransfers.com\/wp-content\/uploads\/2023\/05\/IMG-20230501-WA0018-300x225.jpg 300w, https:\/\/ibtaxitransfers.com\/wp-content\/uploads\/2023\/05\/IMG-20230501-WA0018-768x576.jpg 768w, https:\/\/ibtaxitransfers.com\/wp-content\/uploads\/2023\/05\/IMG-20230501-WA0018-1536x1152.jpg 1536w, https:\/\/ibtaxitransfers.com\/wp-content\/uploads\/2023\/05\/IMG-20230501-WA0018-16x12.jpg 16w, https:\/\/ibtaxitransfers.com\/wp-content\/uploads\/2023\/05\/IMG-20230501-WA0018.jpg 2000w\" sizes=\"auto, (max-width: 1024px) 100vw, 1024px\" \/><\/figure><div class=\"wp-block-media-text__content\">\n<h2 class=\"wp-block-heading has-large-font-size\">Tvr\u0111ava Klis i ru\u0161evine Salone <\/h2>\n\n\n\n<p>These two locations are perfect for those who are looking for a short trip from Split to do some sightseeing. Find out about the rich history of this ancient location just outside of Split.<\/p>\n<\/div><\/div>\n\n\n\n<div class=\"wp-block-media-text alignfull has-media-on-the-right is-stacked-on-mobile animated slideInLeft delay-500ms slow has-ast-global-color-4-color has-ast-global-color-0-background-color has-text-color has-background\" style=\"grid-template-columns:auto 40%\"><div class=\"wp-block-media-text__content\">\n<h2 class=\"wp-block-heading\"><mark style=\"background-color:rgba(0, 0, 0, 0)\" class=\"has-inline-color has-ast-global-color-4-color\">Jednodnevni izlet u Nacionalni park Plitvi\u010dka jezera<\/mark><\/h2>\n\n\n\n<p><mark style=\"background-color:rgba(0, 0, 0, 0)\" class=\"has-inline-color has-ast-global-color-4-color\">Plitvice Lakes is a UNESCO-protected national park, approximately 3 hours away from Split, and makes a great option for a one-day tour from Split. The drive is mostly via the highway, so very comfortable and calm. Take a break from the heat and enjoy the cool climate of the mountain area.<\/mark><\/p>\n<\/div><figure class=\"wp-block-media-text__media\"><img loading=\"lazy\" decoding=\"async\" width=\"1024\" height=\"683\" src=\"https:\/\/ibtaxitransfers.com\/wp-content\/uploads\/2022\/05\/ilse-hVuQdryLvs0-unsplash-1024x683.jpg\" alt=\"plitvice-day-tour-from-split\" class=\"wp-image-561 size-large\" srcset=\"https:\/\/ibtaxitransfers.com\/wp-content\/uploads\/2022\/05\/ilse-hVuQdryLvs0-unsplash-1024x683.jpg 1024w, https:\/\/ibtaxitransfers.com\/wp-content\/uploads\/2022\/05\/ilse-hVuQdryLvs0-unsplash-300x200.jpg 300w, https:\/\/ibtaxitransfers.com\/wp-content\/uploads\/2022\/05\/ilse-hVuQdryLvs0-unsplash-768x512.jpg 768w, https:\/\/ibtaxitransfers.com\/wp-content\/uploads\/2022\/05\/ilse-hVuQdryLvs0-unsplash-1536x1024.jpg 1536w\" sizes=\"auto, (max-width: 1024px) 100vw, 1024px\" \/><\/figure><\/div>\n\n\n\n<div class=\"wp-block-media-text alignfull is-stacked-on-mobile animated slideInRight delay-500ms slow\" style=\"grid-template-columns:40% auto\"><figure class=\"wp-block-media-text__media\"><img loading=\"lazy\" decoding=\"async\" width=\"1024\" height=\"683\" src=\"https:\/\/ibtaxitransfers.com\/wp-content\/uploads\/2023\/05\/ViewofStinivaBeach-1024x683.jpg\" alt=\"\" class=\"wp-image-1019 size-full\" srcset=\"https:\/\/ibtaxitransfers.com\/wp-content\/uploads\/2023\/05\/ViewofStinivaBeach-1024x683.jpg 1024w, https:\/\/ibtaxitransfers.com\/wp-content\/uploads\/2023\/05\/ViewofStinivaBeach-300x200.jpg 300w, https:\/\/ibtaxitransfers.com\/wp-content\/uploads\/2023\/05\/ViewofStinivaBeach-768x512.jpg 768w, https:\/\/ibtaxitransfers.com\/wp-content\/uploads\/2023\/05\/ViewofStinivaBeach-18x12.jpg 18w, https:\/\/ibtaxitransfers.com\/wp-content\/uploads\/2023\/05\/ViewofStinivaBeach.jpg 1200w\" sizes=\"auto, (max-width: 1024px) 100vw, 1024px\" \/><\/figure><div class=\"wp-block-media-text__content\">\n<h2 class=\"wp-block-heading has-large-font-size\" id=\"boat-tours\"><a href=\"#boat-tours\">Boat Tours<\/a><\/h2>\n\n\n\n<p class=\"has-link-color wp-elements-32864cc9b6816ef1385feedab42bb8ed\">Inquire about booking a group or a private tour to the Blue Cave, the Blue Lagoon, and other islands in the Split area. Take advantage of the carefully planned itineraries and see the most in one day! Check out our friends at Toto Travel and get a special 5% discount on group tours! The code is applied automatically on checkout.<\/p>\n\n\n\n<div class=\"wp-block-buttons is-layout-flex wp-block-buttons-is-layout-flex\">\n<div class=\"wp-block-button\"><a class=\"wp-block-button__link wp-element-button\" href=\"https:\/\/toto.hr\/split\/service-category\/boat-trips\/\">Book now<\/a><\/div>\n<\/div>\n<\/div><\/div>","protected":false},"excerpt":{"rendered":"<p>One-Day Tours &amp; Round Trips Visit some of the most popular locations in Croatia at your own leisure with a comfortable, air-conditioned vehicle. National Parks Island Tours Exploring Croatian Cities Our suggestions for a one-day tour from Split: Krka Waterfalls National Park One Day Tour From Split Krka Waterfalls is an ideal one-day trip from &hellip;<\/p>\n<p class=\"read-more\"> <a class=\"\" href=\"https:\/\/ibtaxitransfers.com\/hr\/tours\/\"> <span class=\"screen-reader-text\">Izleti<\/span> Read More &raquo;<\/a><\/p>","protected":false},"author":1,"featured_media":0,"parent":0,"menu_order":0,"comment_status":"closed","ping_status":"closed","template":"","meta":{"_uag_custom_page_level_css":"","site-sidebar-layout":"no-sidebar","site-content-layout":"plain-container","ast-global-header-display":"","ast-banner-title-visibility":"","ast-main-header-display":"","ast-hfb-above-header-display":"","ast-hfb-below-header-display":"","ast-hfb-mobile-header-display":"","site-post-title":"disabled","ast-breadcrumbs-content":"","ast-featured-img":"","footer-sml-layout":"","theme-transparent-header-meta":"enabled","adv-header-id-meta":"","stick-header-meta":"","header-above-stick-meta":"","header-main-stick-meta":"","header-below-stick-meta":"","footnotes":""},"class_list":["post-323","page","type-page","status-publish","hentry"],"yoast_head":"<!-- This site is optimized with the Yoast SEO plugin v27.6 - https:\/\/yoast.com\/product\/yoast-seo-wordpress\/ -->\n<title>Day Tours From Split - I.B. Taxi &amp; Transfers<\/title>\n<meta name=\"description\" content=\"Book a one-day tour from Split to any of the national parks or historic sites in Dalmatia, as well as other fascinating locations.\" \/>\n<meta name=\"robots\" content=\"index, follow, max-snippet:-1, max-image-preview:large, max-video-preview:-1\" \/>\n<link rel=\"canonical\" href=\"https:\/\/ibtaxitransfers.com\/hr\/tours\/\" \/>\n<meta property=\"og:locale\" content=\"hr_HR\" \/>\n<meta property=\"og:type\" content=\"article\" \/>\n<meta property=\"og:title\" content=\"Day Tours From Split - I.B. Taxi &amp; Transfers\" \/>\n<meta property=\"og:description\" content=\"Book a one-day tour from Split to any of the national parks or historic sites in Dalmatia, as well as other fascinating locations.\" \/>\n<meta property=\"og:url\" content=\"https:\/\/ibtaxitransfers.com\/hr\/tours\/\" \/>\n<meta property=\"og:site_name\" content=\"I.B. Taxi &amp; Transfers\" \/>\n<meta property=\"article:publisher\" content=\"https:\/\/hr-hr.facebook.com\/IBtaxi053\" \/>\n<meta property=\"article:modified_time\" content=\"2023-05-26T16:38:51+00:00\" \/>\n<meta property=\"og:image\" content=\"https:\/\/ibtaxitransfers.com\/wp-content\/uploads\/2022\/05\/mana5280-ehenovuCD4-unsplash-scaled.jpg\" \/>\n<meta name=\"twitter:card\" content=\"summary_large_image\" \/>\n<meta name=\"twitter:label1\" content=\"Procijenjeno vrijeme \u010ditanja\" \/>\n\t<meta name=\"twitter:data1\" content=\"3 minute\" \/>\n<script type=\"application\/ld+json\" class=\"yoast-schema-graph\">{\"@context\":\"https:\\\/\\\/schema.org\",\"@graph\":[{\"@type\":\"WebPage\",\"@id\":\"https:\\\/\\\/ibtaxitransfers.com\\\/tours\\\/\",\"url\":\"https:\\\/\\\/ibtaxitransfers.com\\\/tours\\\/\",\"name\":\"Day Tours From Split - I.B. Taxi &amp; Transfers\",\"isPartOf\":{\"@id\":\"https:\\\/\\\/ibtaxitransfers.com\\\/#website\"},\"primaryImageOfPage\":{\"@id\":\"https:\\\/\\\/ibtaxitransfers.com\\\/tours\\\/#primaryimage\"},\"image\":{\"@id\":\"https:\\\/\\\/ibtaxitransfers.com\\\/tours\\\/#primaryimage\"},\"thumbnailUrl\":\"https:\\\/\\\/ibtaxitransfers.com\\\/wp-content\\\/uploads\\\/2022\\\/05\\\/mana5280-ehenovuCD4-unsplash-scaled.jpg\",\"datePublished\":\"2022-05-11T07:13:00+00:00\",\"dateModified\":\"2023-05-26T16:38:51+00:00\",\"description\":\"Book a one-day tour from Split to any of the national parks or historic sites in Dalmatia, as well as other fascinating locations.\",\"breadcrumb\":{\"@id\":\"https:\\\/\\\/ibtaxitransfers.com\\\/tours\\\/#breadcrumb\"},\"inLanguage\":\"hr\",\"potentialAction\":[{\"@type\":\"ReadAction\",\"target\":[\"https:\\\/\\\/ibtaxitransfers.com\\\/tours\\\/\"]}]},{\"@type\":\"ImageObject\",\"inLanguage\":\"hr\",\"@id\":\"https:\\\/\\\/ibtaxitransfers.com\\\/tours\\\/#primaryimage\",\"url\":\"https:\\\/\\\/ibtaxitransfers.com\\\/wp-content\\\/uploads\\\/2022\\\/05\\\/mana5280-ehenovuCD4-unsplash-scaled.jpg\",\"contentUrl\":\"https:\\\/\\\/ibtaxitransfers.com\\\/wp-content\\\/uploads\\\/2022\\\/05\\\/mana5280-ehenovuCD4-unsplash-scaled.jpg\"},{\"@type\":\"BreadcrumbList\",\"@id\":\"https:\\\/\\\/ibtaxitransfers.com\\\/tours\\\/#breadcrumb\",\"itemListElement\":[{\"@type\":\"ListItem\",\"position\":1,\"name\":\"Home\",\"item\":\"https:\\\/\\\/ibtaxitransfers.com\\\/\"},{\"@type\":\"ListItem\",\"position\":2,\"name\":\"Tours\"}]},{\"@type\":\"WebSite\",\"@id\":\"https:\\\/\\\/ibtaxitransfers.com\\\/#website\",\"url\":\"https:\\\/\\\/ibtaxitransfers.com\\\/\",\"name\":\"I.B. Taxi &amp; Transfers\",\"description\":\"Transfer Service\",\"potentialAction\":[{\"@type\":\"SearchAction\",\"target\":{\"@type\":\"EntryPoint\",\"urlTemplate\":\"https:\\\/\\\/ibtaxitransfers.com\\\/?s={search_term_string}\"},\"query-input\":{\"@type\":\"PropertyValueSpecification\",\"valueRequired\":true,\"valueName\":\"search_term_string\"}}],\"inLanguage\":\"hr\"}]}<\/script>\n<!-- \/ Yoast SEO plugin. -->","yoast_head_json":{"title":"Day Tours From Split - I.B. Taxi &amp; Transfers","description":"Book a one-day tour from Split to any of the national parks or historic sites in Dalmatia, as well as other fascinating locations.","robots":{"index":"index","follow":"follow","max-snippet":"max-snippet:-1","max-image-preview":"max-image-preview:large","max-video-preview":"max-video-preview:-1"},"canonical":"https:\/\/ibtaxitransfers.com\/hr\/tours\/","og_locale":"hr_HR","og_type":"article","og_title":"Day Tours From Split - I.B. Taxi &amp; Transfers","og_description":"Book a one-day tour from Split to any of the national parks or historic sites in Dalmatia, as well as other fascinating locations.","og_url":"https:\/\/ibtaxitransfers.com\/hr\/tours\/","og_site_name":"I.B. Taxi &amp; Transfers","article_publisher":"https:\/\/hr-hr.facebook.com\/IBtaxi053","article_modified_time":"2023-05-26T16:38:51+00:00","og_image":[{"url":"https:\/\/ibtaxitransfers.com\/wp-content\/uploads\/2022\/05\/mana5280-ehenovuCD4-unsplash-scaled.jpg","type":"","width":"","height":""}],"twitter_card":"summary_large_image","twitter_misc":{"Procijenjeno vrijeme \u010ditanja":"3 minute"},"schema":{"@context":"https:\/\/schema.org","@graph":[{"@type":"WebPage","@id":"https:\/\/ibtaxitransfers.com\/tours\/","url":"https:\/\/ibtaxitransfers.com\/tours\/","name":"Day Tours From Split - I.B. Taxi &amp; Transfers","isPartOf":{"@id":"https:\/\/ibtaxitransfers.com\/#website"},"primaryImageOfPage":{"@id":"https:\/\/ibtaxitransfers.com\/tours\/#primaryimage"},"image":{"@id":"https:\/\/ibtaxitransfers.com\/tours\/#primaryimage"},"thumbnailUrl":"https:\/\/ibtaxitransfers.com\/wp-content\/uploads\/2022\/05\/mana5280-ehenovuCD4-unsplash-scaled.jpg","datePublished":"2022-05-11T07:13:00+00:00","dateModified":"2023-05-26T16:38:51+00:00","description":"Book a one-day tour from Split to any of the national parks or historic sites in Dalmatia, as well as other fascinating locations.","breadcrumb":{"@id":"https:\/\/ibtaxitransfers.com\/tours\/#breadcrumb"},"inLanguage":"hr","potentialAction":[{"@type":"ReadAction","target":["https:\/\/ibtaxitransfers.com\/tours\/"]}]},{"@type":"ImageObject","inLanguage":"hr","@id":"https:\/\/ibtaxitransfers.com\/tours\/#primaryimage","url":"https:\/\/ibtaxitransfers.com\/wp-content\/uploads\/2022\/05\/mana5280-ehenovuCD4-unsplash-scaled.jpg","contentUrl":"https:\/\/ibtaxitransfers.com\/wp-content\/uploads\/2022\/05\/mana5280-ehenovuCD4-unsplash-scaled.jpg"},{"@type":"BreadcrumbList","@id":"https:\/\/ibtaxitransfers.com\/tours\/#breadcrumb","itemListElement":[{"@type":"ListItem","position":1,"name":"Home","item":"https:\/\/ibtaxitransfers.com\/"},{"@type":"ListItem","position":2,"name":"Tours"}]},{"@type":"WebSite","@id":"https:\/\/ibtaxitransfers.com\/#website","url":"https:\/\/ibtaxitransfers.com\/","name":"I.B. Taxi &amp; Transfers","description":"Transfer Service","potentialAction":[{"@type":"SearchAction","target":{"@type":"EntryPoint","urlTemplate":"https:\/\/ibtaxitransfers.com\/?s={search_term_string}"},"query-input":{"@type":"PropertyValueSpecification","valueRequired":true,"valueName":"search_term_string"}}],"inLanguage":"hr"}]}},"uagb_featured_image_src":{"full":false,"thumbnail":false,"medium":false,"medium_large":false,"large":false,"1536x1536":false,"2048x2048":false,"trp-custom-language-flag":false},"uagb_author_info":{"display_name":"ibtaxi","author_link":"https:\/\/ibtaxitransfers.com\/hr\/author\/vannik92\/"},"uagb_comment_info":0,"uagb_excerpt":"One-Day Tours &amp; Round Trips Visit some of the most popular locations in Croatia at your own leisure with a comfortable, air-conditioned vehicle. National Parks Island Tours Exploring Croatian Cities Our suggestions for a one-day tour from Split: Krka Waterfalls National Park One Day Tour From Split Krka Waterfalls is an ideal one-day trip from&hellip;","_links":{"self":[{"href":"https:\/\/ibtaxitransfers.com\/hr\/wp-json\/wp\/v2\/pages\/323","targetHints":{"allow":["GET"]}}],"collection":[{"href":"https:\/\/ibtaxitransfers.com\/hr\/wp-json\/wp\/v2\/pages"}],"about":[{"href":"https:\/\/ibtaxitransfers.com\/hr\/wp-json\/wp\/v2\/types\/page"}],"author":[{"embeddable":true,"href":"https:\/\/ibtaxitransfers.com\/hr\/wp-json\/wp\/v2\/users\/1"}],"replies":[{"embeddable":true,"href":"https:\/\/ibtaxitransfers.com\/hr\/wp-json\/wp\/v2\/comments?post=323"}],"version-history":[{"count":5,"href":"https:\/\/ibtaxitransfers.com\/hr\/wp-json\/wp\/v2\/pages\/323\/revisions"}],"predecessor-version":[{"id":1034,"href":"https:\/\/ibtaxitransfers.com\/hr\/wp-json\/wp\/v2\/pages\/323\/revisions\/1034"}],"wp:attachment":[{"href":"https:\/\/ibtaxitransfers.com\/hr\/wp-json\/wp\/v2\/media?parent=323"}],"curies":[{"name":"wp","href":"https:\/\/api.w.org\/{rel}","templated":true}]}}