{"id":618,"date":"2022-06-09T08:09:34","date_gmt":"2022-06-09T06:09:34","guid":{"rendered":"https:\/\/ibtaxitransfers.com\/?page_id=618"},"modified":"2023-05-14T19:39:27","modified_gmt":"2023-05-14T17:39:27","slug":"privacy-policy","status":"publish","type":"page","link":"https:\/\/ibtaxitransfers.com\/hr\/privacy-policy\/","title":{"rendered":"Politika privatnosti"},"content":{"rendered":"<div class=\"wp-block-cover alignfull is-light\"><span aria-hidden=\"true\" class=\"wp-block-cover__background has-background-dim\"><\/span><img loading=\"lazy\" decoding=\"async\" width=\"2048\" height=\"1367\" class=\"wp-block-cover__image-background wp-image-634\" alt=\"\" src=\"https:\/\/ibtaxitransfers.com\/wp-content\/uploads\/2022\/06\/scott-graham-OQMZwNd3ThU-unsplash-scaled.jpg\" data-object-fit=\"cover\" srcset=\"https:\/\/ibtaxitransfers.com\/wp-content\/uploads\/2022\/06\/scott-graham-OQMZwNd3ThU-unsplash-scaled.jpg 2048w, https:\/\/ibtaxitransfers.com\/wp-content\/uploads\/2022\/06\/scott-graham-OQMZwNd3ThU-unsplash-300x200.jpg 300w, https:\/\/ibtaxitransfers.com\/wp-content\/uploads\/2022\/06\/scott-graham-OQMZwNd3ThU-unsplash-1024x683.jpg 1024w, https:\/\/ibtaxitransfers.com\/wp-content\/uploads\/2022\/06\/scott-graham-OQMZwNd3ThU-unsplash-768x513.jpg 768w, https:\/\/ibtaxitransfers.com\/wp-content\/uploads\/2022\/06\/scott-graham-OQMZwNd3ThU-unsplash-1536x1025.jpg 1536w\" sizes=\"auto, (max-width: 2048px) 100vw, 2048px\" \/><div class=\"wp-block-cover__inner-container is-layout-flow wp-block-cover-is-layout-flow\">\n<p class=\"has-text-align-center has-ast-global-color-5-color has-text-color has-large-font-size\">Privacy Policy<\/p>\n<\/div><\/div>\n\n\n\n<p><\/p>\n\n\n\n<p><\/p>\n\n\n\n<p>Privacy Policy<br>Last Updated On 14-May-2023<br>Effective Date 14-May-2023<\/p>\n\n\n\n<p>Ova Pravila o privatnosti opisuju politike I.B. Obrt za taksi prijevoz, vl. Ivan Bakovi\u0107, Imotska 54, Hrvatska 21000, Hrvatska, e-po\u0161ta: ibtaxitransfers@gmil.com, telefon: +385953599865 o prikupljanju, kori\u0161tenju i otkrivanju va\u0161ih podataka koje prikupljamo kada koristite na\u0161u web stranicu (http:\/\/www.ibtaxitransfers. com). (usluga\"). Pristupom ili kori\u0161tenjem usluge, pristajete na prikupljanje, kori\u0161tenje i otkrivanje va\u0161ih podataka u skladu s ovom Politikom privatnosti. Ukoliko ne pristajete na isto, molimo vas da ne pristupate niti koristite uslugu.<br>Ovu Politiku privatnosti mo\u017eemo izmijeniti u bilo kojem trenutku bez ikakve prethodne obavijesti i objavit \u0107emo revidiranu Politiku privatnosti na usluzi. Revidirana Pravila stupaju na snagu 180 dana od kada se revidirana Pravila objave u Usluzi, a va\u0161 kontinuirani pristup ili kori\u0161tenje Usluge nakon tog vremena predstavljat \u0107e va\u0161e prihva\u0107anje revidirane Politike privatnosti. Stoga preporu\u010dujemo da povremeno pregledate ovu stranicu.<\/p>\n\n\n\n<p class=\"translation-block\">Kako dijelimo va\u0161e podatke:\n Ne\u0107emo prenijeti va\u0161e osobne podatke nijednoj tre\u0107oj strani bez tra\u017eenja va\u0161eg pristanka, osim u ograni\u010denim okolnostima kao \u0161to je opisano u nastavku:<\/p>\n\n\n\n<p class=\"translation-block\">Oglasna usluga\nAnalitika\nOd takvih tre\u0107ih strana zahtijevamo da koriste osobne podatke koje im prenosimo samo u svrhu za koju su preneseni i da ih ne zadr\u017eavaju dulje nego \u0161to je potrebno za ispunjenje navedene svrhe.\nTako\u0111er mo\u017eemo otkriti va\u0161e osobne podatke za sljede\u0107e: (1) u skladu s primjenjivim zakonom, propisima, sudskim nalogom ili drugim pravnim procesima; (2) za provedbu va\u0161ih ugovora s nama, uklju\u010duju\u0107i ovu Politiku privatnosti; ili (3) za odgovor na tvrdnje da va\u0161a upotreba usluge kr\u0161i prava tre\u0107ih strana. Ako se Usluga ili na\u0161a tvrtka spoji ili stekne s drugom tvrtkom, va\u0161i podaci bit \u0107e jedna od imovine koja se prenosi na novog vlasnika.<\/p>\n\n\n\n<p class=\"translation-block\">Ovisno o zakonu koji se primjenjuje, mo\u017eete imati pravo na pristup i ispravak ili brisanje va\u0161ih osobnih podataka ili primanje kopije va\u0161ih osobnih podataka, ograni\u010diti ili usprotiviti se aktivnoj obradi va\u0161ih podataka, zatra\u017eiti od nas da podijelimo (prenesemo) va\u0161e osobne informacije drugom subjektu, povla\u010denje bilo kakvog pristanka koji ste nam dali za obradu va\u0161ih podataka, pravo na podno\u0161enje pritu\u017ebe zakonskom tijelu i takva druga prava koja mogu biti relevantna prema primjenjivim zakonima. Za ostvarivanje ovih prava mo\u017eete nam pisati na ibtaxitransfers@gmail.com. Odgovorit \u0107emo na va\u0161 zahtjev u skladu s va\u017ee\u0107im zakonom. Imajte na umu da ako nam ne dopustite prikupljanje ili obradu potrebnih osobnih podataka ili povu\u010dete privolu za obradu istih u tra\u017eene svrhe, mo\u017eda ne\u0107ete mo\u0107i pristupiti ili koristiti usluge za koje su va\u0161i podaci tra\u017eeni.<\/p>\n\n\n\n<p class=\"translation-block\">Kola\u010di\u0107i itd.\nDa biste saznali vi\u0161e o tome kako koristimo ove i va\u0161im izborima u vezi s ovim tehnologijama pra\u0107enja, pogledajte na\u0161u Politiku kola\u010di\u0107a.<\/p>\n\n\n\n<p class=\"translation-block\">Sigurnost:\nSigurnost va\u0161ih podataka va\u017ena nam je i upotrijebit \u0107emo razumne sigurnosne mjere kako bismo sprije\u010dili gubitak, zlouporabu ili neovla\u0161tenu promjenu va\u0161ih podataka pod na\u0161om kontrolom. Me\u0111utim, s obzirom na inherentne rizike, ne mo\u017eemo jam\u010diti apsolutnu sigurnost i posljedi\u010dno, ne mo\u017eemo osigurati ili jam\u010diti sigurnost bilo koje informacije koju nam prenesete i vi to \u010dinite na vlastitu odgovornost.<\/p>\n\n\n\n<p class=\"translation-block\">Veze tre\u0107ih strana i kori\u0161tenje va\u0161ih podataka:\nNa\u0161a usluga mo\u017ee sadr\u017eavati poveznice na druge web stranice kojima ne upravljamo. Ova Pravila o privatnosti ne bave se politikom privatnosti i drugim praksama bilo koje tre\u0107e strane, uklju\u010duju\u0107i bilo koju tre\u0107u stranu koja upravlja bilo kojim web mjestom ili uslugom koja mo\u017ee biti dostupna putem poveznice na usluzi. Toplo vam savjetujemo da pregledate politiku privatnosti svake stranice koju posjetite. Nemamo kontrolu i ne preuzimamo nikakvu odgovornost za sadr\u017eaj, pravila o privatnosti ili praksu bilo kojih stranica ili usluga tre\u0107ih strana.<\/p>\n\n\n\n<p class=\"translation-block\">Slu\u017ebenik za \u017ealbe\/za\u0161titu podataka:\nAko imate bilo kakvih pitanja ili nedoumica u vezi s obradom va\u0161ih podataka koji su nam dostupni, mo\u017eete poslati e-poruku na\u0161em slu\u017ebeniku za \u017ealbe na I.B. Obrt za taksi prijevoz, vl. Ivan Bakovi\u0107, Imotska 54, email: ibtaxitransfers@gmail.com. Rije\u0161it \u0107emo va\u0161e nedoumice u skladu s primjenjivim zakonom.<\/p>","protected":false},"excerpt":{"rendered":"<p>Privacy PolicyLast Updated On 14-May-2023Effective Date 14-May-2023 This Privacy Policy describes the policies of I.B. Obrt za taksi prijevoz, vl. Ivan Bakovi\u0107, Imotska 54, Croatia 21000, Croatia, email: ibtaxitransfers@gmail.com, phone: +385953599865 on the collection, use, and disclosure of your information that we collect when you use our website ( http:\/\/www.ibtaxitransfers.com ). (the \u201cService\u201d). By accessing &hellip;<\/p>\n<p class=\"read-more\"> <a class=\"\" href=\"https:\/\/ibtaxitransfers.com\/hr\/privacy-policy\/\"> <span class=\"screen-reader-text\">Politika privatnosti<\/span> Read More &raquo;<\/a><\/p>","protected":false},"author":1,"featured_media":0,"parent":0,"menu_order":0,"comment_status":"closed","ping_status":"closed","template":"","meta":{"_uag_custom_page_level_css":"","site-sidebar-layout":"no-sidebar","site-content-layout":"plain-container","ast-global-header-display":"","ast-banner-title-visibility":"","ast-main-header-display":"","ast-hfb-above-header-display":"","ast-hfb-below-header-display":"","ast-hfb-mobile-header-display":"","site-post-title":"disabled","ast-breadcrumbs-content":"","ast-featured-img":"","footer-sml-layout":"","theme-transparent-header-meta":"enabled","adv-header-id-meta":"","stick-header-meta":"","header-above-stick-meta":"","header-main-stick-meta":"","header-below-stick-meta":"","footnotes":""},"class_list":["post-618","page","type-page","status-publish","hentry"],"yoast_head":"<!-- This site is optimized with the Yoast SEO plugin v27.6 - https:\/\/yoast.com\/product\/yoast-seo-wordpress\/ -->\n<title>Privacy policy - I.B. Taxi &amp; Transfers<\/title>\n<meta name=\"description\" content=\"Privacy policy of the I.B Taxi website\" \/>\n<meta name=\"robots\" content=\"index, follow, max-snippet:-1, max-image-preview:large, max-video-preview:-1\" \/>\n<link rel=\"canonical\" href=\"https:\/\/ibtaxitransfers.com\/hr\/privacy-policy\/\" \/>\n<meta property=\"og:locale\" content=\"hr_HR\" \/>\n<meta property=\"og:type\" content=\"article\" \/>\n<meta property=\"og:title\" content=\"Privacy policy - I.B. Taxi &amp; Transfers\" \/>\n<meta property=\"og:description\" content=\"Privacy policy of the I.B Taxi website\" \/>\n<meta property=\"og:url\" content=\"https:\/\/ibtaxitransfers.com\/hr\/privacy-policy\/\" \/>\n<meta property=\"og:site_name\" content=\"I.B. Taxi &amp; Transfers\" \/>\n<meta property=\"article:publisher\" content=\"https:\/\/hr-hr.facebook.com\/IBtaxi053\" \/>\n<meta property=\"article:modified_time\" content=\"2023-05-14T17:39:27+00:00\" \/>\n<meta property=\"og:image\" content=\"https:\/\/ibtaxitransfers.com\/wp-content\/uploads\/2022\/06\/scott-graham-OQMZwNd3ThU-unsplash-scaled.jpg\" \/>\n<meta name=\"twitter:card\" content=\"summary_large_image\" \/>\n<meta name=\"twitter:label1\" content=\"Procijenjeno vrijeme \u010ditanja\" \/>\n\t<meta name=\"twitter:data1\" content=\"4 minute\" \/>\n<script type=\"application\/ld+json\" class=\"yoast-schema-graph\">{\"@context\":\"https:\\\/\\\/schema.org\",\"@graph\":[{\"@type\":\"WebPage\",\"@id\":\"https:\\\/\\\/ibtaxitransfers.com\\\/privacy-policy\\\/\",\"url\":\"https:\\\/\\\/ibtaxitransfers.com\\\/privacy-policy\\\/\",\"name\":\"Privacy policy - I.B. Taxi &amp; Transfers\",\"isPartOf\":{\"@id\":\"https:\\\/\\\/ibtaxitransfers.com\\\/#website\"},\"primaryImageOfPage\":{\"@id\":\"https:\\\/\\\/ibtaxitransfers.com\\\/privacy-policy\\\/#primaryimage\"},\"image\":{\"@id\":\"https:\\\/\\\/ibtaxitransfers.com\\\/privacy-policy\\\/#primaryimage\"},\"thumbnailUrl\":\"https:\\\/\\\/ibtaxitransfers.com\\\/wp-content\\\/uploads\\\/2022\\\/06\\\/scott-graham-OQMZwNd3ThU-unsplash-scaled.jpg\",\"datePublished\":\"2022-06-09T06:09:34+00:00\",\"dateModified\":\"2023-05-14T17:39:27+00:00\",\"description\":\"Privacy policy of the I.B Taxi website\",\"breadcrumb\":{\"@id\":\"https:\\\/\\\/ibtaxitransfers.com\\\/privacy-policy\\\/#breadcrumb\"},\"inLanguage\":\"hr\",\"potentialAction\":[{\"@type\":\"ReadAction\",\"target\":[\"https:\\\/\\\/ibtaxitransfers.com\\\/privacy-policy\\\/\"]}]},{\"@type\":\"ImageObject\",\"inLanguage\":\"hr\",\"@id\":\"https:\\\/\\\/ibtaxitransfers.com\\\/privacy-policy\\\/#primaryimage\",\"url\":\"https:\\\/\\\/ibtaxitransfers.com\\\/wp-content\\\/uploads\\\/2022\\\/06\\\/scott-graham-OQMZwNd3ThU-unsplash-scaled.jpg\",\"contentUrl\":\"https:\\\/\\\/ibtaxitransfers.com\\\/wp-content\\\/uploads\\\/2022\\\/06\\\/scott-graham-OQMZwNd3ThU-unsplash-scaled.jpg\"},{\"@type\":\"BreadcrumbList\",\"@id\":\"https:\\\/\\\/ibtaxitransfers.com\\\/privacy-policy\\\/#breadcrumb\",\"itemListElement\":[{\"@type\":\"ListItem\",\"position\":1,\"name\":\"Home\",\"item\":\"https:\\\/\\\/ibtaxitransfers.com\\\/\"},{\"@type\":\"ListItem\",\"position\":2,\"name\":\"Privacy policy\"}]},{\"@type\":\"WebSite\",\"@id\":\"https:\\\/\\\/ibtaxitransfers.com\\\/#website\",\"url\":\"https:\\\/\\\/ibtaxitransfers.com\\\/\",\"name\":\"I.B. Taxi &amp; Transfers\",\"description\":\"Transfer Service\",\"potentialAction\":[{\"@type\":\"SearchAction\",\"target\":{\"@type\":\"EntryPoint\",\"urlTemplate\":\"https:\\\/\\\/ibtaxitransfers.com\\\/?s={search_term_string}\"},\"query-input\":{\"@type\":\"PropertyValueSpecification\",\"valueRequired\":true,\"valueName\":\"search_term_string\"}}],\"inLanguage\":\"hr\"}]}<\/script>\n<!-- \/ Yoast SEO plugin. -->","yoast_head_json":{"title":"Privacy policy - I.B. Taxi &amp; Transfers","description":"Privacy policy of the I.B Taxi website","robots":{"index":"index","follow":"follow","max-snippet":"max-snippet:-1","max-image-preview":"max-image-preview:large","max-video-preview":"max-video-preview:-1"},"canonical":"https:\/\/ibtaxitransfers.com\/hr\/privacy-policy\/","og_locale":"hr_HR","og_type":"article","og_title":"Privacy policy - I.B. Taxi &amp; Transfers","og_description":"Privacy policy of the I.B Taxi website","og_url":"https:\/\/ibtaxitransfers.com\/hr\/privacy-policy\/","og_site_name":"I.B. Taxi &amp; Transfers","article_publisher":"https:\/\/hr-hr.facebook.com\/IBtaxi053","article_modified_time":"2023-05-14T17:39:27+00:00","og_image":[{"url":"https:\/\/ibtaxitransfers.com\/wp-content\/uploads\/2022\/06\/scott-graham-OQMZwNd3ThU-unsplash-scaled.jpg","type":"","width":"","height":""}],"twitter_card":"summary_large_image","twitter_misc":{"Procijenjeno vrijeme \u010ditanja":"4 minute"},"schema":{"@context":"https:\/\/schema.org","@graph":[{"@type":"WebPage","@id":"https:\/\/ibtaxitransfers.com\/privacy-policy\/","url":"https:\/\/ibtaxitransfers.com\/privacy-policy\/","name":"Privacy policy - I.B. Taxi &amp; Transfers","isPartOf":{"@id":"https:\/\/ibtaxitransfers.com\/#website"},"primaryImageOfPage":{"@id":"https:\/\/ibtaxitransfers.com\/privacy-policy\/#primaryimage"},"image":{"@id":"https:\/\/ibtaxitransfers.com\/privacy-policy\/#primaryimage"},"thumbnailUrl":"https:\/\/ibtaxitransfers.com\/wp-content\/uploads\/2022\/06\/scott-graham-OQMZwNd3ThU-unsplash-scaled.jpg","datePublished":"2022-06-09T06:09:34+00:00","dateModified":"2023-05-14T17:39:27+00:00","description":"Privacy policy of the I.B Taxi website","breadcrumb":{"@id":"https:\/\/ibtaxitransfers.com\/privacy-policy\/#breadcrumb"},"inLanguage":"hr","potentialAction":[{"@type":"ReadAction","target":["https:\/\/ibtaxitransfers.com\/privacy-policy\/"]}]},{"@type":"ImageObject","inLanguage":"hr","@id":"https:\/\/ibtaxitransfers.com\/privacy-policy\/#primaryimage","url":"https:\/\/ibtaxitransfers.com\/wp-content\/uploads\/2022\/06\/scott-graham-OQMZwNd3ThU-unsplash-scaled.jpg","contentUrl":"https:\/\/ibtaxitransfers.com\/wp-content\/uploads\/2022\/06\/scott-graham-OQMZwNd3ThU-unsplash-scaled.jpg"},{"@type":"BreadcrumbList","@id":"https:\/\/ibtaxitransfers.com\/privacy-policy\/#breadcrumb","itemListElement":[{"@type":"ListItem","position":1,"name":"Home","item":"https:\/\/ibtaxitransfers.com\/"},{"@type":"ListItem","position":2,"name":"Privacy policy"}]},{"@type":"WebSite","@id":"https:\/\/ibtaxitransfers.com\/#website","url":"https:\/\/ibtaxitransfers.com\/","name":"I.B. Taxi &amp; Transfers","description":"Transfer Service","potentialAction":[{"@type":"SearchAction","target":{"@type":"EntryPoint","urlTemplate":"https:\/\/ibtaxitransfers.com\/?s={search_term_string}"},"query-input":{"@type":"PropertyValueSpecification","valueRequired":true,"valueName":"search_term_string"}}],"inLanguage":"hr"}]}},"uagb_featured_image_src":{"full":false,"thumbnail":false,"medium":false,"medium_large":false,"large":false,"1536x1536":false,"2048x2048":false,"trp-custom-language-flag":false},"uagb_author_info":{"display_name":"ibtaxi","author_link":"https:\/\/ibtaxitransfers.com\/hr\/author\/vannik92\/"},"uagb_comment_info":0,"uagb_excerpt":"Privacy PolicyLast Updated On 14-May-2023Effective Date 14-May-2023 This Privacy Policy describes the policies of I.B. Obrt za taksi prijevoz, vl. Ivan Bakovi\u0107, Imotska 54, Croatia 21000, Croatia, email: ibtaxitransfers@gmail.com, phone: +385953599865 on the collection, use, and disclosure of your information that we collect when you use our website ( http:\/\/www.ibtaxitransfers.com ). (the \u201cService\u201d). By accessing&hellip;","_links":{"self":[{"href":"https:\/\/ibtaxitransfers.com\/hr\/wp-json\/wp\/v2\/pages\/618","targetHints":{"allow":["GET"]}}],"collection":[{"href":"https:\/\/ibtaxitransfers.com\/hr\/wp-json\/wp\/v2\/pages"}],"about":[{"href":"https:\/\/ibtaxitransfers.com\/hr\/wp-json\/wp\/v2\/types\/page"}],"author":[{"embeddable":true,"href":"https:\/\/ibtaxitransfers.com\/hr\/wp-json\/wp\/v2\/users\/1"}],"replies":[{"embeddable":true,"href":"https:\/\/ibtaxitransfers.com\/hr\/wp-json\/wp\/v2\/comments?post=618"}],"version-history":[{"count":5,"href":"https:\/\/ibtaxitransfers.com\/hr\/wp-json\/wp\/v2\/pages\/618\/revisions"}],"predecessor-version":[{"id":951,"href":"https:\/\/ibtaxitransfers.com\/hr\/wp-json\/wp\/v2\/pages\/618\/revisions\/951"}],"wp:attachment":[{"href":"https:\/\/ibtaxitransfers.com\/hr\/wp-json\/wp\/v2\/media?parent=618"}],"curies":[{"name":"wp","href":"https:\/\/api.w.org\/{rel}","templated":true}]}}